{"id":238,"date":"2018-08-22T11:40:41","date_gmt":"2018-08-22T09:40:41","guid":{"rendered":"https:\/\/www.am-simssee.de\/?page_id=238"},"modified":"2024-06-18T13:50:02","modified_gmt":"2024-06-18T11:50:02","slug":"neu-schaeferwagen-gustl","status":"publish","type":"page","link":"https:\/\/www.am-simssee.de\/index.php\/neu-schaeferwagen-gustl\/","title":{"rendered":"SCH\u00c4FERWAGEN &#8220;GUSTL&#8221;"},"content":{"rendered":"<h1><\/h1>\n<h1>Sch\u00e4ferwagen f\u00fcr 2 Personen<\/h1>\n<p>Das Wetter wird wieder sch\u00f6ner und w\u00e4rmer und &#8220;Gustl&#8221; steht wieder an seinem wunderbaren Platz bei uns am Hof sein. Gerne k\u00f6nnen Sie aber bereits vorab f\u00fcr den Sommer buchen.<\/p>\n<h1><img fetchpriority=\"high\" decoding=\"async\" class=\" wp-image-277 alignright\" src=\"https:\/\/www.am-simssee.de\/wp-content\/uploads\/2018\/09\/1190344_Original-300x169.jpg\" alt=\"Sch\u00e4ferwagen &quot;Gustl&quot; - herzlich Willkommen.\" width=\"417\" height=\"235\" srcset=\"https:\/\/www.am-simssee.de\/wp-content\/uploads\/2018\/09\/1190344_Original-300x169.jpg 300w, https:\/\/www.am-simssee.de\/wp-content\/uploads\/2018\/09\/1190344_Original-768x432.jpg 768w, https:\/\/www.am-simssee.de\/wp-content\/uploads\/2018\/09\/1190344_Original-1024x576.jpg 1024w, https:\/\/www.am-simssee.de\/wp-content\/uploads\/2018\/09\/1190344_Original-500x281.jpg 500w\" sizes=\"(max-width: 417px) 100vw, 417px\" \/><\/h1>\n<p><em>Beschreibung &#8220;Gustl&#8221; <\/em>: Unser Sch\u00e4ferwagen \u00a0&#8220;Gustl&#8221; steht bei uns auf dem Hof in Untershofen in der Gemeinde S\u00f6chtenau. &#8220;Gustl&#8221; steht auf befestigtem Grund mit Blick ins erholsame Gr\u00fcn mit Wiese, Nuss- und Apfelbaum, bl\u00fchende Str\u00e4uchern und Wiese mit Pferdeweide. Mit etwas Gl\u00fcck grasen die Haflinger Pionella und Seppi direkt vor dem Fenster.<\/p>\n<p>Allen lebenslustigen, lieben und netten Menschen bietet &#8220;Gustl&#8221; eine bequeme und gem\u00fctliche Unterkunft f\u00fcr erholsame und entspannte Urlaubstage.<\/p>\n<h1>Ausstattung<\/h1>\n<p>Der Innenraum ist ca. 2,90m lang, 1,75 breit und \u00fcber 2m hoch. Die Gesamtl\u00e4nge von betr\u00e4gt etwa 4 m.<\/p>\n<p>Im &#8220;Gustl&#8221; finden Sie eine bequeme und gem\u00fctliche Schlaf- und Sitzm\u00f6glichkeit, Stauraum und einen ausklappbarenTisch mit 2 St\u00fchlen.<\/p>\n<p>Das sch\u00f6ne Wetter genie\u00dfen Sie am besten unter dem wei\u00df-blauen bayerischen Himmel vor &#8220;Gustl&#8221;. Terrassentisch, St\u00fchle, Sonnenschirm und Markise tragen zu Ihrem Wohlbefinden bei.<\/p>\n<p>Ein kreativ gestaltete Kochm\u00f6glichkeit mit Induktionsplatte und ein K\u00fchlschrank befinden sich in der &#8220;Loftgarage&#8221; im angrenzenden Wohnhaus. K\u00fcchenutensilien f\u00fcr die einfache Urlaubsk\u00fcche, eine French-Press-Kaffeekanne, Geschirr, Besteck und Trockent\u00fccher sind vorhanden. Ebenfalls haben wir ein kleines Sortiment von Gew\u00fcrzen, \u00d6l und Essig f\u00fcr Sie parat.<\/p>\n<p>F\u00fcr das nicht ganz so sch\u00f6ne Wetter ist dort eine sch\u00f6ne Sitzgelegenheit, B\u00fcchern und Spiele sind auch vorhanden.<\/p>\n<p>Dusche und WC befinden sich ebenfalls in der &#8220;Loftgarage&#8221;. Handt\u00fccher und F\u00f6n geh\u00f6ren zur Ausstattung, ebenso ein W\u00e4schest\u00e4nder.<\/p>\n<p>Seit 2024 steht unseren Ferieng\u00e4sten auch eine Lades\u00e4ule f\u00fcr E-Autos zur Verf\u00fcgung.<\/p>\n<h1>Preise<\/h1>\n<table>\n<thead>\n<tr>\n<th>Aufenthaltsdauer<\/th>\n<th>Preis<\/th>\n<\/tr>\n<\/thead>\n<tbody>\n<tr>\n<td>1 Nacht f\u00fcr 2 Personen<\/td>\n<td>75\u20ac<\/td>\n<\/tr>\n<tr>\n<td>2 N\u00e4chte f\u00fcr 2 Personen<\/td>\n<td>65\u20ac\/ Nacht<\/td>\n<\/tr>\n<tr>\n<td>ab 3 N\u00e4chten f\u00fcr 2 Personen<\/td>\n<td>55\u20ac\/ Nacht<\/td>\n<\/tr>\n<\/tbody>\n<\/table>\n<p>Bettw\u00e4sche, Hand- und Duscht\u00fccher sind vorhanden. Werden eigene Bettw\u00e4sche und Handt\u00fccher mitgebracht, ber\u00fccksichtigen wir dies mit einem einmaligen Rabatt in H\u00f6he von 10,00\u20ac.<\/p>\n<p>Erleben Sie eine entspannte und erholsame Zeit im Gustl. Wir freuen uns auf Ihre <a href=\"https:\/\/www.am-simssee.de\/index.php\/kontakt-und-anfahrt\/\" target=\"_blank\" rel=\"noopener noreferrer\">Anfrage<\/a>.<\/p>\n<h1>Bilder<\/h1>\n<p>zur <a href=\"https:\/\/www.am-simssee.de\/index.php\/neu-schaeferwagen-gustl\/\">Galerie<\/a><\/p>\n","protected":false},"excerpt":{"rendered":"<p>Sch\u00e4ferwagen f\u00fcr 2 Personen Das Wetter wird wieder sch\u00f6ner und w\u00e4rmer und &#8220;Gustl&#8221; steht wieder an seinem wunderbaren Platz bei uns am Hof sein. Gerne k\u00f6nnen Sie aber bereits vorab f\u00fcr den Sommer buchen. Beschreibung &#8220;Gustl&#8221; : Unser Sch\u00e4ferwagen \u00a0&#8220;Gustl&#8221; steht bei uns auf dem Hof in Untershofen in der&#8230;<\/p>\n","protected":false},"author":1,"featured_media":0,"parent":0,"menu_order":0,"comment_status":"closed","ping_status":"closed","template":"","meta":{"_monsterinsights_skip_tracking":false,"_monsterinsights_sitenote_active":false,"_monsterinsights_sitenote_note":"","_monsterinsights_sitenote_category":0},"_links":{"self":[{"href":"https:\/\/www.am-simssee.de\/index.php\/wp-json\/wp\/v2\/pages\/238"}],"collection":[{"href":"https:\/\/www.am-simssee.de\/index.php\/wp-json\/wp\/v2\/pages"}],"about":[{"href":"https:\/\/www.am-simssee.de\/index.php\/wp-json\/wp\/v2\/types\/page"}],"author":[{"embeddable":true,"href":"https:\/\/www.am-simssee.de\/index.php\/wp-json\/wp\/v2\/users\/1"}],"replies":[{"embeddable":true,"href":"https:\/\/www.am-simssee.de\/index.php\/wp-json\/wp\/v2\/comments?post=238"}],"version-history":[{"count":33,"href":"https:\/\/www.am-simssee.de\/index.php\/wp-json\/wp\/v2\/pages\/238\/revisions"}],"predecessor-version":[{"id":783,"href":"https:\/\/www.am-simssee.de\/index.php\/wp-json\/wp\/v2\/pages\/238\/revisions\/783"}],"wp:attachment":[{"href":"https:\/\/www.am-simssee.de\/index.php\/wp-json\/wp\/v2\/media?parent=238"}],"curies":[{"name":"wp","href":"https:\/\/api.w.org\/{rel}","templated":true}]}}